{"id":14041,"date":"2024-06-24T16:54:38","date_gmt":"2024-06-24T14:54:38","guid":{"rendered":"http:\/\/www.dreimalnullistnull.at\/de\/?page_id=14041"},"modified":"2025-05-22T18:23:55","modified_gmt":"2025-05-22T16:23:55","slug":"home","status":"publish","type":"page","link":"https:\/\/www.dreimalnullistnull.at\/de\/","title":{"rendered":"Was ist Null"},"content":{"rendered":"<div class=\"wpb-content-wrapper\"><p>[vc_row][vc_column][vc_empty_space]\n\t\t\t\t<p class=\"rs-p-wp-fix\"><\/p>\n\t\t\t\t<sr7-module data-alias=\"slider-1\" data-id=\"1\" id=\"SR7_1_1\" class=\"rs-ov-hidden\" data-version=\"6.7.38\">\n\t\t\t\t\t<sr7-adjuster><\/sr7-adjuster>\n\t\t\t\t\t<sr7-content>\n\t\t\t\t\t\t<sr7-slide id=\"SR7_1_1-1\" data-key=\"1\">\n\t\t\t\t\t\t<\/sr7-slide>\n\t\t\t\t\t\t<sr7-slide id=\"SR7_1_1-2\" data-key=\"2\">\n\t\t\t\t\t\t<\/sr7-slide>\n\t\t\t\t\t<\/sr7-content>\n\t\t\t\t<\/sr7-module>\n\t\t\t\t<script>\n\t\t\t\t\tSR7.PMH ??={}; SR7.PMH[\"SR7_1_1\"] = {cn:100,state:false,fn: function() { if (_tpt!==undefined && _tpt.prepareModuleHeight !== undefined) {  _tpt.prepareModuleHeight({id:\"SR7_1_1\",el:[700,700,768,960,720],type:'hero',shdw:'0',gh:[700,700,578,439,271],gw:[1240,1240,1024,778,480],vpt:['-100px'],size:{fullWidth:true, fullHeight:false},mh:'0',onh:0,onw:0,bg:{color:'{\"orig\":\"transparent\",\"type\":\"solid\",\"string\":\"transparent\"}'}});   SR7.PMH[\"SR7_1_1\"].state=true;} else if(SR7.PMH[\"SR7_1_1\"].cn-->0)\tsetTimeout( SR7.PMH[\"SR7_1_1\"].fn,19);}};SR7.PMH[\"SR7_1_1\" ].fn();\n\t\t\t\t<\/script>\n[vc_empty_space height=&#8220;50px&#8220;][\/vc_column][\/vc_row][vc_row][vc_column width=&#8220;1\/4&#8243; css=&#8220;.vc_custom_1731609381798{background-color: #990033 !important;}&#8220;][vc_column_text css=&#8220;&#8220;]<\/p>\n<h1><span style=\"color: #fff;\"><strong>WAS IST<br \/>\nNULL?<\/strong><\/span><\/h1>\n<p>[\/vc_column_text][\/vc_column][vc_column width=&#8220;3\/4&#8243;][vc_column_text css=&#8220;&#8220;]<\/p>\n<h2>Drei Geb\u00e4ude, ein Ziel \u2013 Klimaneutralit\u00e4t in Errichtung, Betrieb und R\u00fcckbau<\/h2>\n<p><span class=\"highlight\"><strong>\u00a0Das Forschungsprojekt DREI \u00d7 NULL = NULL\u00a0\u00a0<\/strong><\/span><br \/>\nhat das Ziel, Geb\u00e4ude zu schaffen, die in jeder Phase \u2013 Errichtung, Betrieb und R\u00fcckbau \u2013 eine Netto-Null-Bilanz von Treibhausgasen zu erzielen. Drei beispielhafte Wohnbauten sind das Herz dieses Projektes. Sie werden von gemeinn\u00fctzigen Bautr\u00e4gern an unterschiedlichen Standorten in Nieder\u00f6sterreich errichtet und haben verschiedene Gr\u00f6\u00dfen und Ausrichtungen. Diese Geb\u00e4ude sollen zeigen, dass konsequentes, nachhaltiges Bauen unter den aktuellen rechtlichen und wirtschaftlichen Bedingungen m\u00f6glich ist.<\/p>\n<p><i class=\"icomoon-the7-font-the7-arrow-33\" style=\"font-size: 12px; color: #000000;\"><\/i>\u00a0 <a href=\"https:\/\/www.dreimalnullistnull.at\/de\/wie-geht-null\/\">Erfahren Sie, wie NULL geht<\/a>[\/vc_column_text][\/vc_column][\/vc_row][vc_row][vc_column][vc_column_text css=&#8220;&#8220;]Der Startschuss f\u00fcr DREI \u00d7 NULL = NULL fiel im Juli 2023. Der Bau des ersten Demonstrationsgeb\u00e4udes beginnt 2025. Die Planung der Geb\u00e4ude liegt in den H\u00e4nden von MAGK Architekten und einszueins architektur. Wissenschaftlich begleitet wird das Projekt vom Institute of Building Research &amp; Innovation ZT-GmbH (IBR&amp;I), das sich bei jedem Geb\u00e4ude um die Bilanzierung und Optimierung der Klimaneutralit\u00e4t sowie die Umsetzung der Kreislaufwirtschaft k\u00fcmmert. Die Kombination dieser drei Expert:innen bringt den entscheidenden Fortschritt: den Weg zu einem CO<sub>2<\/sub>-freien Bauen.<\/p>\n<p><i class=\"icomoon-the7-font-the7-arrow-33\" style=\"font-size: 12px; color: #000000;\"><\/i>\u00a0 <a href=\"https:\/\/www.dreimalnullistnull.at\/de\/null-gebaut\/\">Erfahren Sie mehr \u00fcber NULL gebaut.<\/a>[\/vc_column_text][\/vc_column][\/vc_row][vc_row][vc_column][vc_empty_space height=&#8220;50px&#8220;][vc_separator color=&#8220;black&#8220; css=&#8220;&#8220;][vc_empty_space height=&#8220;50px&#8220;][\/vc_column][\/vc_row][vc_row equal_height=&#8220;yes&#8220; content_placement=&#8220;middle&#8220;][vc_column width=&#8220;1\/6&#8243;][vc_column_text css=&#8220;&#8220;]<a href=\"https:\/\/www.alpenland.ag\/\" target=\"_blank\" rel=\"noopener\"><img decoding=\"async\" class=\" wp-image-14509 aligncenter lazyload\" src=\"data:image\/gif;base64,R0lGODlhAQABAIAAAAAAAP\/\/\/yH5BAEAAAAALAAAAAABAAEAAAIBRAA7\" data-src=\"https:\/\/www.dreimalnullistnull.at\/de\/wp-content\/uploads\/2024\/11\/alpenland2_sw.svg\" alt=\"\" width=\"86\" height=\"93\" \/><noscript><img decoding=\"async\" class=\" wp-image-14509 aligncenter lazyload\" src=\"https:\/\/www.dreimalnullistnull.at\/de\/wp-content\/uploads\/2024\/11\/alpenland2_sw.svg\" alt=\"\" width=\"86\" height=\"93\" \/><\/noscript><\/a>[\/vc_column_text][\/vc_column][vc_column width=&#8220;1\/6&#8243;][vc_column_text css=&#8220;&#8220;]<a href=\"https:\/\/www.egw.at\/\" target=\"_blank\" rel=\"noopener\"><img decoding=\"async\" class=\"wp-image-14512 aligncenter lazyload\" src=\"data:image\/gif;base64,R0lGODlhAQABAIAAAAAAAP\/\/\/yH5BAEAAAAALAAAAAABAAEAAAIBRAA7\" data-src=\"https:\/\/www.dreimalnullistnull.at\/de\/wp-content\/uploads\/2024\/11\/egw2_sw.svg\" alt=\"\" width=\"130\" height=\"92\" \/><noscript><img decoding=\"async\" class=\"wp-image-14512 aligncenter lazyload\" src=\"https:\/\/www.dreimalnullistnull.at\/de\/wp-content\/uploads\/2024\/11\/egw2_sw.svg\" alt=\"\" width=\"130\" height=\"92\" \/><\/noscript><\/a>[\/vc_column_text][\/vc_column][vc_column width=&#8220;1\/6&#8243;][vc_column_text css=&#8220;&#8220;]<a href=\"https:\/\/www.einszueins.at\/\" target=\"_blank\" rel=\"noopener\"><img decoding=\"async\" class=\"wp-image-14510 aligncenter lazyload\" src=\"data:image\/gif;base64,R0lGODlhAQABAIAAAAAAAP\/\/\/yH5BAEAAAAALAAAAAABAAEAAAIBRAA7\" data-src=\"https:\/\/www.dreimalnullistnull.at\/de\/wp-content\/uploads\/2024\/11\/einszueins2_sw.svg\" alt=\"\" width=\"81\" height=\"85\" \/><noscript><img decoding=\"async\" class=\"wp-image-14510 aligncenter lazyload\" src=\"https:\/\/www.dreimalnullistnull.at\/de\/wp-content\/uploads\/2024\/11\/einszueins2_sw.svg\" alt=\"\" width=\"81\" height=\"85\" \/><\/noscript><\/a>[\/vc_column_text][\/vc_column][vc_column width=&#8220;1\/6&#8243;][vc_column_text css=&#8220;&#8220;]<a href=\"https:\/\/www.building-research.at\/\" target=\"_blank\" rel=\"noopener\"><img decoding=\"async\" class=\" wp-image-14543 aligncenter lazyload\" src=\"data:image\/gif;base64,R0lGODlhAQABAIAAAAAAAP\/\/\/yH5BAEAAAAALAAAAAABAAEAAAIBRAA7\" data-src=\"https:\/\/www.dreimalnullistnull.at\/de\/wp-content\/uploads\/2025\/05\/ibri_25.png\" alt=\"\" width=\"233\" height=\"89\" \/><noscript><img decoding=\"async\" class=\" wp-image-14543 aligncenter lazyload\" src=\"https:\/\/www.dreimalnullistnull.at\/de\/wp-content\/uploads\/2025\/05\/ibri_25.png\" alt=\"\" width=\"233\" height=\"89\" \/><\/noscript><\/a><\/p>\n<p>[\/vc_column_text][\/vc_column][vc_column width=&#8220;1\/6&#8243;][vc_column_text css=&#8220;&#8220;]<a href=\"https:\/\/www.magk.at\/\" target=\"_blank\" rel=\"noopener\"><img decoding=\"async\" class=\"wp-image-14513 aligncenter lazyload\" src=\"data:image\/gif;base64,R0lGODlhAQABAIAAAAAAAP\/\/\/yH5BAEAAAAALAAAAAABAAEAAAIBRAA7\" data-src=\"https:\/\/www.dreimalnullistnull.at\/de\/wp-content\/uploads\/2024\/11\/magk2_sw.svg\" alt=\"\" width=\"159\" height=\"72\" \/><noscript><img decoding=\"async\" class=\"wp-image-14513 aligncenter lazyload\" src=\"https:\/\/www.dreimalnullistnull.at\/de\/wp-content\/uploads\/2024\/11\/magk2_sw.svg\" alt=\"\" width=\"159\" height=\"72\" \/><\/noscript><\/a>[\/vc_column_text][\/vc_column][vc_column width=&#8220;1\/6&#8243;][vc_column_text css=&#8220;&#8220;]<a href=\"https:\/\/www.schoenerezukunft.at\/\" target=\"_blank\" rel=\"noopener\"><img decoding=\"async\" class=\"wp-image-14511 aligncenter lazyload\" src=\"data:image\/gif;base64,R0lGODlhAQABAIAAAAAAAP\/\/\/yH5BAEAAAAALAAAAAABAAEAAAIBRAA7\" data-src=\"https:\/\/www.dreimalnullistnull.at\/de\/wp-content\/uploads\/2025\/03\/schoenere_zukunft_neu.svg\" alt=\"\" width=\"146\" height=\"103\" \/><noscript><img decoding=\"async\" class=\"wp-image-14511 aligncenter lazyload\" src=\"https:\/\/www.dreimalnullistnull.at\/de\/wp-content\/uploads\/2025\/03\/schoenere_zukunft_neu.svg\" alt=\"\" width=\"146\" height=\"103\" \/><\/noscript><\/a>[\/vc_column_text][\/vc_column][\/vc_row][vc_row][vc_column][vc_empty_space height=&#8220;50px&#8220;][\/vc_column][\/vc_row]<\/p>\n<\/div>","protected":false},"excerpt":{"rendered":"<p>[vc_row][vc_column][vc_empty_space][vc_empty_space height=&#8220;50px&#8220;][\/vc_column][\/vc_row][vc_row][vc_column width=&#8220;1\/4&#8243; css=&#8220;.vc_custom_1731609381798{background-color: #990033 !important;}&#8220;][vc_column_text css=&#8220;&#8220;] WAS IST NULL? [\/vc_column_text][\/vc_column][vc_column width=&#8220;3\/4&#8243;][vc_column_text css=&#8220;&#8220;] Drei Geb\u00e4ude, ein Ziel \u2013 Klimaneutralit\u00e4t in Errichtung, Betrieb und R\u00fcckbau \u00a0Das Forschungsprojekt DREI \u00d7 NULL = NULL\u00a0\u00a0 hat das Ziel, Geb\u00e4ude zu schaffen, die in jeder Phase \u2013 Errichtung, Betrieb und R\u00fcckbau \u2013 eine Netto-Null-Bilanz von Treibhausgasen zu erzielen. Drei beispielhafte&hellip;<\/p>\n","protected":false},"author":1,"featured_media":0,"parent":0,"menu_order":0,"comment_status":"closed","ping_status":"closed","template":"","meta":{"inline_featured_image":false,"footnotes":""},"class_list":["post-14041","page","type-page","status-publish","hentry","description-off"],"_links":{"self":[{"href":"https:\/\/www.dreimalnullistnull.at\/de\/wp-json\/wp\/v2\/pages\/14041","targetHints":{"allow":["GET"]}}],"collection":[{"href":"https:\/\/www.dreimalnullistnull.at\/de\/wp-json\/wp\/v2\/pages"}],"about":[{"href":"https:\/\/www.dreimalnullistnull.at\/de\/wp-json\/wp\/v2\/types\/page"}],"author":[{"embeddable":true,"href":"https:\/\/www.dreimalnullistnull.at\/de\/wp-json\/wp\/v2\/users\/1"}],"replies":[{"embeddable":true,"href":"https:\/\/www.dreimalnullistnull.at\/de\/wp-json\/wp\/v2\/comments?post=14041"}],"version-history":[{"count":70,"href":"https:\/\/www.dreimalnullistnull.at\/de\/wp-json\/wp\/v2\/pages\/14041\/revisions"}],"predecessor-version":[{"id":14681,"href":"https:\/\/www.dreimalnullistnull.at\/de\/wp-json\/wp\/v2\/pages\/14041\/revisions\/14681"}],"wp:attachment":[{"href":"https:\/\/www.dreimalnullistnull.at\/de\/wp-json\/wp\/v2\/media?parent=14041"}],"curies":[{"name":"wp","href":"https:\/\/api.w.org\/{rel}","templated":true}]}}